{"id":2278,"date":"2021-09-30T10:18:01","date_gmt":"2021-09-30T08:18:01","guid":{"rendered":"https:\/\/www.restaurantebalandros.com\/politica-de-galetes\/"},"modified":"2025-06-03T10:17:52","modified_gmt":"2025-06-03T08:17:52","slug":"politica-de-galetes","status":"publish","type":"page","link":"https:\/\/www.restaurantebalandros.com\/ca\/politica-de-galetes\/","title":{"rendered":"Pol\u00edtica de galetes"},"content":{"rendered":"<p>Aquest lloc web utilitza cookies i\/o tecnologies similars pr\u00f2pies, que emmagatzemen i recuperen informaci\u00f3 quan navegues. A continuaci\u00f3, podeu consultar les cookies i\/o tecnologies similars utilitzades en aquest lloc web.<\/p>\n<p><strong>COOKIES PR\u00d2PIES<\/strong><\/p>\n<p>T\u00e8cniques o necess\u00e0ries<br \/>\nLes cookies t\u00e8cniques o estrictament necess\u00e0ries s\u00f3n aquelles que permeten a l&#8217;usuari la navegaci\u00f3 a trav\u00e9s d&#8217;una p\u00e0gina web i la utilitzaci\u00f3 de les diferents opcions o serveis que s&#8217;hi ofereixen, com, per exemple, controlar el tr\u00e0nsit i la comunicaci\u00f3 de dades, identificar la sessi\u00f3, accedir a parts d&#8217;acc\u00e9s restringit, recordar els elements que integren una comanda, realitzar el proc\u00e9s de compra d&#8217;una comanda, gestionar el pagament, controlar el pagament esdeveniment, utilitzar elements de seguretat durant la navegaci\u00f3, emmagatzemar continguts per a la difusi\u00f3 de v\u00eddeos o so, habilitar continguts din\u00e0mics (per exemple, animaci\u00f3 de c\u00e0rrega d&#8217;un text o imatge), compartir continguts a trav\u00e9s de xarxes socials o personalitzar la interf\u00edcie d&#8217;usuari sempre que sigui qui esculli les opcions de personalitzaci\u00f3 que desitgi.<\/p>\n<p>La base legal que legitima aquest tractament \u00e9s l \u201cexecuci\u00f3 i el manteniment del servei sol\u00b7licitat per l\u201d usuari. Aquestes galetes romandran actives mentre l&#8217;usuari romangui al lloc web.<\/p>\n<p>M\u00c9S INFORMACI\u00d3 SOBRE TRACTAMENT DE DADES PERSONALS<br \/>\n Podeu consultar m\u00e9s informaci\u00f3 sobre el tractament de les vostres dades personals accedint a la nostra <em><strong><a href=\"https:\/\/www.restaurantebalandros.com\/ca\/politica-de-privadesa\/\">Pol\u00edtica de Privadesa.<\/a><\/strong><\/em><\/p>\n","protected":false},"excerpt":{"rendered":"<p>Aquest lloc web utilitza cookies i\/o tecnologies similars pr\u00f2pies, que emmagatzemen i recuperen informaci\u00f3 quan navegues. A continuaci\u00f3, podeu consultar les cookies i\/o tecnologies similars utilitzades en aquest lloc web. COOKIES PR\u00d2PIES T\u00e8cniques o necess\u00e0ries Les cookies t\u00e8cniques o estrictament necess\u00e0ries s\u00f3n aquelles que permeten a l&#8217;usuari la navegaci\u00f3 a trav\u00e9s d&#8217;una p\u00e0gina web i [&hellip;]<\/p>\n","protected":false},"author":1,"featured_media":0,"parent":0,"menu_order":0,"comment_status":"closed","ping_status":"closed","template":"elementor_header_footer","meta":{"footnotes":""},"class_list":["post-2278","page","type-page","status-publish","hentry"],"_links":{"self":[{"href":"https:\/\/www.restaurantebalandros.com\/ca\/wp-json\/wp\/v2\/pages\/2278","targetHints":{"allow":["GET"]}}],"collection":[{"href":"https:\/\/www.restaurantebalandros.com\/ca\/wp-json\/wp\/v2\/pages"}],"about":[{"href":"https:\/\/www.restaurantebalandros.com\/ca\/wp-json\/wp\/v2\/types\/page"}],"author":[{"embeddable":true,"href":"https:\/\/www.restaurantebalandros.com\/ca\/wp-json\/wp\/v2\/users\/1"}],"replies":[{"embeddable":true,"href":"https:\/\/www.restaurantebalandros.com\/ca\/wp-json\/wp\/v2\/comments?post=2278"}],"version-history":[{"count":1,"href":"https:\/\/www.restaurantebalandros.com\/ca\/wp-json\/wp\/v2\/pages\/2278\/revisions"}],"predecessor-version":[{"id":5185,"href":"https:\/\/www.restaurantebalandros.com\/ca\/wp-json\/wp\/v2\/pages\/2278\/revisions\/5185"}],"wp:attachment":[{"href":"https:\/\/www.restaurantebalandros.com\/ca\/wp-json\/wp\/v2\/media?parent=2278"}],"curies":[{"name":"wp","href":"https:\/\/api.w.org\/{rel}","templated":true}]}}