{"id":2279,"date":"2021-09-30T10:02:32","date_gmt":"2021-09-30T08:02:32","guid":{"rendered":"https:\/\/www.restaurantebalandros.com\/politica-de-privadesa\/"},"modified":"2021-09-30T10:02:32","modified_gmt":"2021-09-30T08:02:32","slug":"politica-de-privadesa","status":"publish","type":"page","link":"https:\/\/www.restaurantebalandros.com\/ca\/politica-de-privadesa\/","title":{"rendered":"Pol\u00edtica de Privadesa"},"content":{"rendered":"<h1><strong>Pol\u00edtica de privadesa<\/strong><\/h1>\n<p>Aquesta Pol\u00edtica de Privadesa regula la recollida i tractament de les dades personals que siguin proporcionades pels Usuaris, quan accedeixin, naveguin o facin \u00fas de les funcionalitats al Https:\/\/www.restaurantebalandros.com accessible des de la URL: HTTPS:\/ \/WWW.RESTAURANTEBALANDROS.COM(d&#8217;ara endavant, el Https:\/\/www.restaurantebalandros.com).<\/p>\n<p>&nbsp;<\/p>\n<p>Recollida de dades, finalitats, base de legitimaci\u00f3 i terminis de conservaci\u00f3:<\/p>\n<p>L&#8217;acceptaci\u00f3 d&#8217;aquesta Pol\u00edtica de Privadesa significa que l&#8217;Usuari faculta HOSTELEROS AGUADO SL (d&#8217;ara endavant RESTAURANT BALANDROS), amb CIF B54864715 i domicili a CLUB N\u00c0UTIC, CARR. DE D\u00c9NIA A X\u00c1BIA, KM 1, 03700 D\u00c9NIA, ALACANT, com a titular del Https:\/\/www.restaurantebalandros.com, per realitzar el tractament de les seves dades i incloure&#8217;ls en un registre de tractaments de la seva responsabilitat, per als fins estipulats a continuaci\u00f3 :<\/p>\n<p>&nbsp;<\/p>\n<p>Contacte: L&#8217;Usuari pot posar-se en contacte, a trav\u00e9s dels formularis establerts a aquest efecte al Https:\/\/www.restaurantebalandros.com. Haur\u00e0 de facilitar els seus daus identificatius, aix\u00ed com el motiu, assumpte o q\u00fcesti\u00f3. RESTAURANT BALANDROS utilitzar\u00e0 aquestes dades per tramitar la consulta i contactar amb l&#8217;Usuari en relaci\u00f3 amb aquesta.<\/p>\n<p>La base jur\u00eddica del tractament d&#8217;aquestes dades se sustenta al consentiment de l&#8217;Usuari.<\/p>\n<p>&nbsp;<\/p>\n<p>El termini de conservaci\u00f3 de les dades per a aquesta finalitat ser\u00e0 el dun any, llevat que siguin aplicables altres terminis.<\/p>\n<p>&nbsp;<\/p>\n<p>Registre: L&#8217;Usuari es pot registrar al Https:\/\/www.restaurantebalandros.com, a trav\u00e9s del formulari establert a aquest efecte. Per registrar-se haur\u00e0 de facilitar certa informaci\u00f3 personal i de contacte, que necessitem per tramitar el seu registre i oferir-li els serveis oportuns, entre els quals hi ha la possibilitat d&#8217;adquirir qualsevol dels productes oferts.<\/p>\n<p>La base jur\u00eddica del tractament d&#8217;aquestes dades se sustenta al consentiment de l&#8217;Usuari.<\/p>\n<p>&nbsp;<\/p>\n<p>El termini de conservaci\u00f3 de les dades per a aquesta finalitat ser\u00e0 el de cinc anys.<\/p>\n<p>&nbsp;<\/p>\n<p>Informaci\u00f3 i reserva de places en cursos: En sol\u00b7licitar informaci\u00f3 sobre un curs o la reserva d&#8217;una pla\u00e7a en algun, se sol\u00b7licitar\u00e0 a la determinada informaci\u00f3 de contacte amb la finalitat de facilitar-vos la informaci\u00f3 requerida o tramitar la reserva conforme a les condicions que resultin aplicables.<\/p>\n<p>La base jur\u00eddica del tractament d&#8217;aquestes dades se sustenta al consentiment de l&#8217;Usuari quan sol\u00b7liciti informaci\u00f3 i per a l&#8217;execuci\u00f3 del contracte quan es matriculi.<\/p>\n<p>&nbsp;<\/p>\n<p>El termini de conservaci\u00f3 de les dades per a aquesta finalitat ser\u00e0 el de 5 anys.<\/p>\n<p>&nbsp;<\/p>\n<p>Newsletter: L&#8217;Usuari pot, si ho desitja, facilitar les seves dades identificatives i la seva adre\u00e7a de correu electr\u00f2nic per subscriure&#8217;s a les novetats, promocions i not\u00edcies de RESTAURANTE BALANDROS, per rebre peri\u00f2dicament comunicacions al seu correu electr\u00f2nic o dispositiu m\u00f2bil (si escau).<\/p>\n<p>La base jur\u00eddica del tractament d&#8217;aquestes dades se sustenta al consentiment de l&#8217;Usuari.<\/p>\n<p>&nbsp;<\/p>\n<p>El termini de conservaci\u00f3 de les dades ser\u00e0 del temps que romangui donat d&#8217;alta als nostres sistemes d&#8217;enviament de newsletter.<\/p>\n<p>&nbsp;<\/p>\n<p>Blog: L&#8217;Usuari pot fer comentaris al bloc de RESTAURANT BALANDROS, per a aix\u00f2 \u00e9s necessari que faciliti les seves dades identificatives (Nom i correu electr\u00f2nic). El tractament d&#8217;aquestes dades tindr\u00e0 com a \u00fanica finalitat gestionar la publicaci\u00f3 a Https:\/\/www.restaurantebalandros.com.<\/p>\n<p>La base jur\u00eddica del tractament d&#8217;aquestes dades se sustenta al consentiment de l&#8217;Usuari.<\/p>\n<p>&nbsp;<\/p>\n<p>Els vostres comentaris romandran permanentment al Https:\/\/www.restaurantebalandros.com llevat que sol\u00b7liciteu el vostre esborrat<\/p>\n<p>&nbsp;<\/p>\n<p>Cookies: El Https:\/\/www.restaurantebalandros.com disposa de tecnologia per a la implantaci\u00f3 d&#8217;arxius anomenats Cookies a l&#8217;equip que sigui utilitzat per a l&#8217;acc\u00e9s i navegaci\u00f3 per l&#8217;Https:\/\/www.restaurantebalandros.com. Les galetes poden ser bloquejades o deshabilitades en qualsevol moment a trav\u00e9s de les opcions de configuraci\u00f3 del navegador. Si voleu m\u00e9s informaci\u00f3 podeu consultar la nostra Pol\u00edtica de Cookies.<\/p>\n<p>La base jur\u00eddica del tractament d&#8217;aquestes dades se sustenta al consentiment de l&#8217;Usuari.<\/p>\n<p>&nbsp;<\/p>\n<h3>Finalitats publicit\u00e0ries i tractaments especials:<\/h3>\n<p>Publicitat: Si l&#8217;Usuari ho autoritza expressament, RESTAURANT BALANDROS podr\u00e0 enviar-li publicitat dels serveis i\/o promocions disponibles al Https:\/\/www.restaurantebalandros.com, com ara novetats en productes de RESTAURANT BALANDROS. En qualsevol cas, podr\u00e0 revocar aquest consentiment quan vulgui a trav\u00e9s del correu electr\u00f2nic BALANDROSDENIA@GMAIL.COM oa trav\u00e9s de qualsevol altre mitj\u00e0 destinat a aquest efecte que hagu\u00e9s estat incl\u00f2s a les comunicacions remeses. La base jur\u00eddica del tractament d&#8217;aquestes dades se sustenta al consentiment de l&#8217;Usuari.<\/p>\n<p>&nbsp;<\/p>\n<p>El termini de conservaci\u00f3 de les dades ser\u00e0 del temps que romangui donat d&#8217;alta als nostres sistemes per a l&#8217;enviament de publicitat i no s&#8217;hagi oposat, llevat que siguin aplicables altres terminis.<\/p>\n<p>&nbsp;<\/p>\n<h3>Modificaci\u00f3 i supressi\u00f3 del compte d&#8217;usuari<\/h3>\n<p>En qualsevol moment l&#8217;Usuari pot modificar la informaci\u00f3 facilitada en registrar-se a Https:\/\/www.restaurantebalandros.com, a trav\u00e9s de les funcions que habiliten. De no trobar-les o no estar disponibles, podeu remetre un correu electr\u00f2nic a BALANDROSDENIA@GMAIL.COM indicant-ho. Per donar de baixa el vostre compte, l&#8217;Usuari pot escriure indicant-ho a la mateixa adre\u00e7a.<\/p>\n<h3><\/h3>\n<h3>Encarregats del tractament<\/h3>\n<p>La prestaci\u00f3 dels serveis oferts per RESTAURANTE BALANDROS requereixen de la contractaci\u00f3 de serveis d&#8217;allotjament, emmagatzematge i processament, entre altres q\u00fcestions t\u00e8cniques, com ara el desenvolupament del programari o el manteniment del mateix.<\/p>\n<p>&nbsp;<\/p>\n<p>El tractament de dades realitzades pels Encarregats del Tractament est\u00e0 regulat per contracte pel qual s&#8217;obliguen, a tractar les dades de forma segura i respectant la protecci\u00f3 de dades.<\/p>\n<p>&nbsp;<\/p>\n<p>No obstant aix\u00f2, l&#8217;Usuari coneix i accepta que RESTAURANT BALANDROS podr\u00e0 substituir els Encarregats del Tractament per altres prestadors de serveis, per a aix\u00f2 es garanteix que el nou prestador respectar\u00e0 igualment la privadesa i la relaci\u00f3 quedar\u00e0 regulada contractualment. Podeu con\u00e8ixer els Encarregats del Tractament a l&#8217;anterior enlla\u00e7.<\/p>\n<p>&nbsp;<\/p>\n<p>Es garanteix que les dades no ixen de l&#8217;Espai Econ\u00f2mic Europeu de pa\u00efsos amb acords de nivell de seguretat adequat reconegut per les autoritats.<\/p>\n<p>&nbsp;<\/p>\n<h3>Exercici de drets<\/h3>\n<p>Aix\u00ed mateix, l&#8217;Usuari pot revocar el consentiment per al tractament, fent exercici dels drets d&#8217;acc\u00e9s, rectificaci\u00f3, supressi\u00f3, portabilitat, oposici\u00f3, limitaci\u00f3 al tractament i supressi\u00f3, posant-ho en coneixement de RESTAURANT BALANDROS a trav\u00e9s d&#8217;un correu electr\u00f2nic dirigit a BALANDROSDENIA@ GMAIL.COM o indicant-ho per correu ordinari a l&#8217;adre\u00e7a CLUB N\u00c0UTIC, CARR. DE D\u00c9NIA A X\u00c1BIA, KM 1, 03700 D\u00c9NIA, ALACANT, assenyalant com a assumpte \u201cProtecci\u00f3 de Dades\u201d. Haureu d&#8217;acompanyar o adjuntar una c\u00f2pia del vostre DNI o de qualsevol altre document oficial que ens permeti identificar-vos, a fi de comprovar la vostra identitat i evitar que tercers tinguin acc\u00e9s a les vostres dades personals de manera indeguda.<\/p>\n<p>&nbsp;<\/p>\n<p>En qualsevol moment, l&#8217;usuari podr\u00e0 presentar una reclamaci\u00f3 davant de l&#8217;Ag\u00e8ncia Espanyola de Protecci\u00f3 de Dades.<\/p>\n","protected":false},"excerpt":{"rendered":"<p>Pol\u00edtica de privadesa Aquesta Pol\u00edtica de Privadesa regula la recollida i tractament de les dades personals que siguin proporcionades pels Usuaris, quan accedeixin, naveguin o facin \u00fas de les funcionalitats al Https:\/\/www.restaurantebalandros.com accessible des de la URL: HTTPS:\/ \/WWW.RESTAURANTEBALANDROS.COM(d&#8217;ara endavant, el Https:\/\/www.restaurantebalandros.com). &nbsp; Recollida de dades, finalitats, base de legitimaci\u00f3 i terminis de conservaci\u00f3: L&#8217;acceptaci\u00f3 [&hellip;]<\/p>\n","protected":false},"author":1,"featured_media":0,"parent":0,"menu_order":0,"comment_status":"closed","ping_status":"closed","template":"elementor_header_footer","meta":{"footnotes":""},"class_list":["post-2279","page","type-page","status-publish","hentry"],"_links":{"self":[{"href":"https:\/\/www.restaurantebalandros.com\/ca\/wp-json\/wp\/v2\/pages\/2279","targetHints":{"allow":["GET"]}}],"collection":[{"href":"https:\/\/www.restaurantebalandros.com\/ca\/wp-json\/wp\/v2\/pages"}],"about":[{"href":"https:\/\/www.restaurantebalandros.com\/ca\/wp-json\/wp\/v2\/types\/page"}],"author":[{"embeddable":true,"href":"https:\/\/www.restaurantebalandros.com\/ca\/wp-json\/wp\/v2\/users\/1"}],"replies":[{"embeddable":true,"href":"https:\/\/www.restaurantebalandros.com\/ca\/wp-json\/wp\/v2\/comments?post=2279"}],"version-history":[{"count":0,"href":"https:\/\/www.restaurantebalandros.com\/ca\/wp-json\/wp\/v2\/pages\/2279\/revisions"}],"wp:attachment":[{"href":"https:\/\/www.restaurantebalandros.com\/ca\/wp-json\/wp\/v2\/media?parent=2279"}],"curies":[{"name":"wp","href":"https:\/\/api.w.org\/{rel}","templated":true}]}}