{"id":2281,"date":"2021-09-30T10:15:14","date_gmt":"2021-09-30T08:15:14","guid":{"rendered":"https:\/\/www.restaurantebalandros.com\/avis-legal\/"},"modified":"2022-03-10T17:48:03","modified_gmt":"2022-03-10T16:48:03","slug":"avis-legal","status":"publish","type":"page","link":"https:\/\/www.restaurantebalandros.com\/ca\/avis-legal\/","title":{"rendered":"Av\u00eds Legal"},"content":{"rendered":"<h1>AV\u00cdS LEGAL<\/h1>\n<p>Av\u00eds legal: El lloc web d&#8217;Internet accessible a trav\u00e9s de la WWW.RESTAURANTEBALANDROS.COM(d&#8217;ara endavant, el Lloc Web) \u00e9s titularitat de HOSTELEROS AGUADO SL. (d&#8217;ara endavant, HOSTELEROS AGUADO SL), amb CIF B54864715 i domicili a Club Nautico, Carr. de D\u00e9nia A X\u00e0bia, Km 1, 03700 D\u00e9nia, Alacant. HOSTELEROS AGUADO SL es troba inscrita al Registre Mercantil. T 3865 , F 113, S 8, HA 145367, I\/A 1 ( 8.06.15)<\/p>\n<p>En aquest text es recullen les condicions que regulen l&#8217;acc\u00e9s al Lloc Web i la utilitzaci\u00f3 dels seus serveis i funcionalitats, aix\u00ed com el registre. Us recomanem la vostra atenta lectura i la vostra revisi\u00f3 peri\u00f2dica.<\/p>\n<p>&nbsp;<\/p>\n<p>Si tingu\u00e9s algun dubte, consulta, queixa o suggeriment, no dubti a escriure&#8217;ns a CORREO perqu\u00e8 puguem atendre&#8217;l.<\/p>\n<p>&nbsp;<\/p>\n<h2>CONDICIONS GENERALS D&#8217;\u00daS<\/h2>\n<ol>\n<li>\n<h3>Parts<\/h3>\n<\/li>\n<\/ol>\n<p>Les presents Condicions Generals d&#8217;\u00das s\u00f3n subscrites, per una banda, per HOSTELEROS AGUADO SL, responsable del Lloc Web i, de l&#8217;altra, per l&#8217;Usuari, ent\u00e8s com qualsevol persona f\u00edsica o jur\u00eddica que, de forma i lliure i volunt\u00e0ria, accedeix al Lloc Web, amb independ\u00e8ncia que faci o no \u00fas dels serveis i funcionalitats que s&#8217;hi ofereixen.<\/p>\n<p>&nbsp;<\/p>\n<p>El mer acc\u00e9s al Lloc Web implica el ple sotmetiment sense reserva al que disposen aquestes Condicions Generals d&#8217;\u00das, sens perjudici d&#8217;altres condicions que poguessin resultar aplicables, com ara les Particulars de Registre o les Generals de Compra.<\/p>\n<p>&nbsp;<\/p>\n<ol start=\"2\">\n<li>\n<h3>Gratu\u00eftat<\/h3>\n<\/li>\n<\/ol>\n<p>Tant l&#8217;acc\u00e9s com la navegaci\u00f3 pel Lloc Web, igual que el registre, s\u00f3n gratu\u00efts, encara que aquest \u00faltim requereix l&#8217;acceptaci\u00f3 d&#8217;unes Condicions Particulars de Registre.<\/p>\n<p>&nbsp;<\/p>\n<p>No obstant aix\u00f2, la compra de qualsevol dels productes oferts al Lloc Web comporta l&#8217;obligaci\u00f3 de pagament del preu indicat.<\/p>\n<h3><\/h3>\n<ol start=\"3\">\n<li>\n<h3>Obligacions de l&#8217;Usuari<\/h3>\n<\/li>\n<\/ol>\n<p>L&#8217;Usuari, pel simple fet d&#8217;accedir al Lloc Web, es compromet a:<\/p>\n<p>&nbsp;<\/p>\n<ol>\n<li>Fer un \u00fas diligent, correcte i l\u00edcit del Lloc Web, respectant la legislaci\u00f3 vigent (de manera especial en relaci\u00f3 amb la protecci\u00f3 de dades, i propietat intel\u00b7lectual i industrial), la moral, els bons costums i l&#8217;ordre p\u00fablic.<\/li>\n<\/ol>\n<p>&nbsp;<\/p>\n<ol>\n<li>Revisar de manera peri\u00f2dica les presents Condicions Generals d&#8217;\u00das o qualssevol altres condicions aplicables, comprovant els canvis que, si escau, qualsevol d&#8217;elles pogu\u00e9s haver patit.<\/li>\n<\/ol>\n<p>&nbsp;<\/p>\n<ol>\n<li>Controlar les notificacions que, si escau, li siguin remeses per HOSTELEROS AGUADO SL, ja que poden incloure informaci\u00f3 important.<\/li>\n<\/ol>\n<p>&nbsp;<\/p>\n<ol>\n<li>No utilitzar el Lloc Web amb finalitats comercials; per exemple, recollint informaci\u00f3 o continguts per prestar altres serveis que puguin suposar una clara compet\u00e8ncia per a HOSTELEROS AGUADO SL.<\/li>\n<\/ol>\n<p>&nbsp;<\/p>\n<ol>\n<li>No modificar o tractar de modificar el Lloc Web de cap manera ni realitzar accions o utilitzar mitjans orientats a simular-ne l&#8217;aparen\u00e7a o les funcions.<\/li>\n<\/ol>\n<p>&nbsp;<\/p>\n<ol>\n<li>Abstenir-te de dur a terme cap acci\u00f3 que comporti la introducci\u00f3 de virus inform\u00e0tics, cucs, troians o qualsevol altra classe de codi malici\u00f3s destinat a interrompre, destruir o limitar les funcionalitats del Lloc Web.<\/li>\n<\/ol>\n<p>&nbsp;<\/p>\n<ol>\n<li>No utilitzar t\u00e8cniques d&#8217;enginyeria inversa i\/o desxifrar, descompilar o utilitzar qualsevol altre sistema destinat a con\u00e8ixer el codi font del Lloc Web o de qualsevol element subjecte a copyright o propietat intel\u00b7lectual subjacent.<\/li>\n<\/ol>\n<p>&nbsp;<\/p>\n<ol>\n<li>No fer malb\u00e9, deshabilitar, sobrecarregar o dificultar el servei (o la xarxa o xarxes connectades al servei), o interferir en l&#8217;\u00fas i gaudi del Lloc Web.<\/li>\n<\/ol>\n<p>&nbsp;<\/p>\n<ol>\n<li>En qualsevol cas, no realitzar cap tipus d&#8217;actes que puguin infringir drets o interessos de HOSTELEROS AGUADO SL o de tercers com puguin ser, a tall d&#8217;exemple, drets de propietat intel\u00b7lectual o industrial (patents, marques, drets de copyright, secrets comercials&#8230; ).<\/li>\n<\/ol>\n<p>&nbsp;<\/p>\n<ol start=\"4\">\n<li>\n<h2>Condicions Particulars de Registre \u2013 Av\u00eds Legal<\/h2>\n<\/li>\n<\/ol>\n<h3>4.1. Identificaci\u00f3 de les parts<\/h3>\n<p>Les Condicions Particulars de Registre aqu\u00ed recollides s\u00f3n subscrites, d&#8217;una banda, per HOSTELEROS AGUADO SL, com a titular i responsable del Lloc Web, i, d&#8217;una altra, per l&#8217;Usuari Registrat, ent\u00e8s com qualsevol persona f\u00edsica m\u00e9s gran de catorze anys o jur\u00eddica que ha accedit al Lloc Web i ha completat tots els passos presents requerits per procedir al seu registre, entre els quals s&#8217;inclou l&#8217;acceptaci\u00f3 de les presents Condicions Particulars de Registre.<\/p>\n<p>&nbsp;<\/p>\n<h3>4.2. Acceptaci\u00f3<\/h3>\n<p>Aquestes Condicions Particulars de Registre s&#8217;entenen acceptades per l&#8217;Usuari Registrat en haver fet clic a la casella de verificaci\u00f3 corresponent durant el seu proc\u00e9s de registre al Lloc Web.<\/p>\n<p>&nbsp;<\/p>\n<h3>4.3. Proc\u00e9s de registre<\/h3>\n<p>Per poder completar el registre, l&#8217;usuari haur\u00e0 de facilitar certa informaci\u00f3 sobre si, juntament amb una contrasenya, que haur\u00e0 de ser degudament emmagatzemada per l&#8217;Usuari Registrat, mitjan\u00e7ant un formulari que haur\u00e0 d&#8217;emplenar i enviar, pr\u00e8via acceptaci\u00f3 de les presents Condicions Particulars de Registre i de la Pol\u00edtica de Privadesa.<\/p>\n<p>&nbsp;<\/p>\n<h3>4.4. Obligacions de l&#8217;usuari registrat<\/h3>\n<p>L&#8217;usuari, en emplenar el formulari de registre i esdevenir Usuari Registrat, es compromet a complir les obligacions seg\u00fcents:<\/p>\n<p>&nbsp;<\/p>\n<ol>\n<li>No registrar-se aportant dades falses o inexactes de manera deliberada o suplantant la identitat de tercers.<\/li>\n<li>Utilitzar \u00fanicament el compte registrat al seu nom, no utilitzant comptes de tercers sense el seu consentiment previ i expr\u00e9s.<\/li>\n<li>No vendre, comercialitzar o transferir el compte a tercers.<\/li>\n<li>Ser l&#8217;\u00fanic responsable de qualsevol activitat que es realitzi des del vostre compte, havent de mantenir-la actualitzada en tot moment.<\/li>\n<li>Procurar l&#8217;estricta confidencialitat de les vostres dades i claus d&#8217;acc\u00e9s, ja que assumeix els danys i perjudicis que puguin derivar de la violaci\u00f3 d&#8217;aquesta confidencialitat.<\/li>\n<li>Ser responsable dels danys que pateixi o que pateixin tercers com a conseq\u00fc\u00e8ncia de l&#8217;incompliment de les presents Condicions Particulars de Registre o de qualssevol altres que siguin aplicables, com puguin ser les Condicions Generals d&#8217;\u00das o les Generals de Compra.<\/li>\n<\/ol>\n<p>HOSTELEROS AGUADO SL s&#8217;eximeix de tota responsabilitat de l&#8217;acc\u00e9s indegut a continguts com a conseq\u00fc\u00e8ncia del registre que per part de l&#8217;Usuari Registrat es faci aportant deliberadament dades falses o inexactes sobre la seva edat.<\/p>\n<h3><\/h3>\n<h3>4.5. Dret dexclusi\u00f3<\/h3>\n<p>HOSTELEROS AGUADO SL es reserva el dret de bloquejar o eliminar el compte de l&#8217;usuari quan l&#8217;incompliment de les condicions aqu\u00ed exposades o de qualssevol altres condicions generals que li fossin aplicables fora d&#8217;especial gravetat o reiterat.<\/p>\n<p>&nbsp;<\/p>\n<h3>4.6. Modificaci\u00f3 i cancel\u00b7laci\u00f3 del compte<\/h3>\n<p>En qualsevol moment l&#8217;usuari podr\u00e0 modificar les seves dades del compte, o cancel\u00b7lar-lo a trav\u00e9s de les opcions de configuraci\u00f3 del compte al Lloc Web.<\/p>\n<p>&nbsp;<\/p>\n<ol start=\"5\">\n<li>\n<h2>Condicions Particulars de Reserva de places en cursos (Av\u00eds Legal)<\/h2>\n<\/li>\n<\/ol>\n<p>La sol\u00b7licitud de reserva de places en algun curs la informaci\u00f3 del qual hagi estat publicada al Lloc Web implica l&#8217;acceptaci\u00f3 i el sotmetiment al que disposa aquesta estipulaci\u00f3.<\/p>\n<p>&nbsp;<\/p>\n<p>Aquesta reserva no suposa la formalitzaci\u00f3 de cap contracte ni implica obligaci\u00f3 de cap de les parts d&#8217;anar al curs o impartir-lo.<\/p>\n<p>&nbsp;<\/p>\n<p>La informaci\u00f3 publicada al Lloc Web sobre els cursos no constitueix una oferta comercial, sin\u00f3 que \u00e9s de car\u00e0cter orientatiu i \u00e9s susceptible de ser modificada abans de la contractaci\u00f3 efectiva d&#8217;un curs per part de l&#8217;usuari.<\/p>\n<p>&nbsp;<\/p>\n<p>La reserva de pla\u00e7a en un curs simplement suposa que HOSTELEROS AGUADO SL reservar\u00e0 una pla\u00e7a al curs que l&#8217;Usuari hagu\u00e9s indicat durant[DEFINIR] . Durant aquest per\u00edode de temps, ambdues parts han de formalitzar la contractaci\u00f3, per qualsevol mitj\u00e0 oport\u00fa, a iniciativa de l&#8217;usuari. En cas contrari, transcorregut aquest lapse sense que l&#8217;Usuari hagi manifestat la seva voluntat de contractar, s&#8217;entendr\u00e0 qu\u00e8 aquest desisteix de la pla\u00e7a reservada, quedant disponible per a la seva reserva o contractaci\u00f3 per qualsevol tercer.<\/p>\n<p>&nbsp;<\/p>\n<p>L&#8217;Usuari que hagu\u00e9s reservat una pla\u00e7a i hagu\u00e9s deixat transc\u00f3rrer el temps de reserva sense manifestar res al respecte no podr\u00e0 tornar a reservar una pla\u00e7a, llevat que HOSTELEROS AGUADO SL ho consent\u00eds.<\/p>\n<p>&nbsp;<\/p>\n<ol start=\"6\">\n<li>\n<h2>Propietat intel\u00b7lectual i industrial<\/h2>\n<\/li>\n<\/ol>\n<p>Tots els drets de propietat intel\u00b7lectual i industrial sobre el Lloc Web i sobre tots els seus continguts, entre els quals s&#8217;inclou la programaci\u00f3, el disseny, aplicacions, els gr\u00e0fics, els codis, text o imatges all\u00e0 presents pertanyen en exclusiva a HOSTELEROS AGUADO SL, o aquest compta amb drets i\/o autoritzacions for\u00e7a per a la seva explotaci\u00f3.<\/p>\n<p>&nbsp;<\/p>\n<p>Aix\u00ed mateix, el nom de domini, les marques, noms comercials, i en general, qualsevol signe distintiu que es trobi al Lloc Web \u00e9s tamb\u00e9 titularitat de HOSTELEROS AGUADO SL o aquest compta amb les llic\u00e8ncies necess\u00e0ries per utilitzar-los.<\/p>\n<p>&nbsp;<\/p>\n<p>Com a conseq\u00fc\u00e8ncia de tot aix\u00f2, qualsevol reproducci\u00f3, distribuci\u00f3, comunicaci\u00f3 p\u00fablica (inclosa la posada a disposici\u00f3), transformaci\u00f3 o qualsevol altra forma d&#8217;explotaci\u00f3, ni tan sols citant les fonts, queda prohibida, llevat que es compti amb el consentiment previ, expr\u00e9s i per escrit de HOSTELEROS AGUADO SL o del titular en exclusiva dels drets afectats.<\/p>\n<p>&nbsp;<\/p>\n<p>Si detectes alguna infracci\u00f3 dels drets de propietat intel\u00b7lectual i\/o industrial al Lloc Web, si us plau envia&#8217;ns un correu electr\u00f2nic a CORREO el m\u00e9s aviat possible.<\/p>\n<h2><\/h2>\n<ol start=\"7\">\n<li>\n<h2>Enlla\u00e7os de tercers<\/h2>\n<\/li>\n<\/ol>\n<p>\u00c9s probable que el Lloc Web contingui enlla\u00e7os a p\u00e0gines o llocs web titularitat de tercers aliens a HOSTELEROS AGUADO SL. HOSTELEROS AGUADO SL no assumeix cap responsabilitat sobre aquests enlla\u00e7os o sobre els continguts a qu\u00e8 es pugui accedir en accionar-los, ja que no aprova ni revisa les seves funcions, publicitat o, en general, la informaci\u00f3 inclosa en aquestes p\u00e0gines, eximint-se de tota responsabilitat pel contingut ni del seu funcionament correcte o de les conseq\u00fc\u00e8ncies o danys que es puguin produir com a conseq\u00fc\u00e8ncia de l&#8217;acc\u00e9s a aquests.<\/p>\n<p>&nbsp;<\/p>\n<p>L&#8217;usuari que accedeixi a qualsevol d&#8217;aquests enlla\u00e7os ho far\u00e0 sota el seu propi risc i ventura, assumint l&#8217;externalitat d&#8217;aquests continguts i la impossibilitat de HOSTELEROS AGUADO SL de garantir que no hi ha amenaces, codi malici\u00f3s o virus, o que albergin contingut il\u00b7l\u00edcit o altres enlla\u00e7os que, al seu torn, portin a llocs amb alguna o diverses de les caracter\u00edstiques esmentades.<\/p>\n<p>&nbsp;<\/p>\n<ol start=\"8\">\n<li>\n<h2>Exclusi\u00f3 de responsabilitat (Av\u00eds Legal)<\/h2>\n<\/li>\n<\/ol>\n<p>HOSTELEROS AGUADO SL dedica esfor\u00e7 que els serveis i funcionalitats del Lloc Web es trobin permanentment disponibles. No obstant aix\u00f2, quan hi accediu, us ser\u00e0 mostrat \u201ctal qual\u201d, segons la disponibilitat i les limitacions que concorrin en cada moment.<\/p>\n<p>&nbsp;<\/p>\n<p>Tot i el continu esfor\u00e7 de HOSTELEROS AGUADO SL per protegir els sistemes i els continguts inclosos al Lloc Web, a l&#8217;efecte dels quals empra els est\u00e0ndards de seguretat habituals a Internet, no \u00e9s possible oferir plenes garanties en relaci\u00f3 a les intrusions o p\u00e8rdues d&#8217;informaci\u00f3 que puguin produir-se. De la mateixa manera, no es pot garantir l&#8217;abs\u00e8ncia de virus o d&#8217;altres elements nocius al Lloc Web o en p\u00e0gines de tercers que puguin produir alteracions al sistema inform\u00e0tic, tant programari com maquinari, de l&#8217;usuari. Per aquesta ra\u00f3, l&#8217;usuari assumeix i compr\u00e8n que hi hagi situacions que puguin escapar-se del control de HOSTELEROS AGUADO SL.<\/p>\n<p>&nbsp;<\/p>\n<p>HOSTELEROS AGUADO SL declina tota responsabilitat que es derivi d&#8217;un mal \u00fas per l&#8217;usuari doni al Lloc Web, aix\u00ed com per l&#8217;incompliment de les obligacions o compromisos assumits en virtut de les presents Condicions Generals d&#8217;\u00das o en qualssevol altres que resultessin aplicables.<\/p>\n<p>&nbsp;<\/p>\n<p>Amb car\u00e0cter general, ni HOSTELEROS AGUADO SL ni els seus col\u00b7laboradors seran responsables en cas de lucre cessant o dany emergent per qualsevol q\u00fcesti\u00f3.<\/p>\n<h2><\/h2>\n<ol start=\"9\">\n<li>\n<h2>Indemnitzaci\u00f3<\/h2>\n<\/li>\n<\/ol>\n<p>Si HOSTELEROS AGUADO SL pat\u00eds qualsevol tipus de danys, perjudicis, p\u00e8rdues o costos (inclosos els honoraris d&#8217;advocats i procuradors) com a conseq\u00fc\u00e8ncia d&#8217;un incompliment per part de l&#8217;usuari de les presents Condicions Generals d&#8217;\u00das o de qualsevol altra condici\u00f3 fos aplicable, l&#8217;usuari vindr\u00e0 obligat a rescabalar a HOSTELEROS AGUADO SL.<\/p>\n<p>&nbsp;<\/p>\n<p>El mateix passar\u00e0 en cas que, com a conseq\u00fc\u00e8ncia dels incompliments de l&#8217;usuari es produ\u00efssin reclamacions de tercers contra HOSTELEROS AGUADO SL, i en este cas aquell deixar\u00e0 indemne a este, a qui La HOSTELEROS AGUADO SL podr\u00e0 reclamar qualsevol despesa, cost, dany o perjudici derivat de les accions.<\/p>\n<p>&nbsp;<\/p>\n<ol start=\"10\">\n<li>\n<h2>Protecci\u00f3 de dades i privadesa<\/h2>\n<\/li>\n<\/ol>\n<p>La recollida de dades personals a trav\u00e9s del Lloc Web i el seu tractament per part de HOSTELEROS AGUADO SL es regulen per mitj\u00e0 d&#8217;una Pol\u00edtica de Privadesa espec\u00edfica a la qual l&#8217;usuari pot accedir fent clic aqu\u00ed.<\/p>\n<p>&nbsp;<\/p>\n<ol start=\"11\">\n<li>\n<h2>Q\u00fcestions generals (Av\u00eds Legal)<\/h2>\n<\/li>\n<\/ol>\n<h3>11.1. Salvaguarda i interpretaci\u00f3<\/h3>\n<p>&nbsp;<\/p>\n<p>Aquestes Condicions Generals d&#8217;\u00das constitueixen un acord entre l&#8217;usuari i HOSTELEROS AGUADO SL.<\/p>\n<p>&nbsp;<\/p>\n<p>Si l&#8217;Autoritat competent declara alguna disposici\u00f3 com a il\u00b7legal, inv\u00e0lida o no executable, suposar\u00e0 que aquesta hagi de ser interpretada de la manera m\u00e9s propera a la intenci\u00f3 original de tal disposici\u00f3. Aix\u00f2 no obstant, aquesta declaraci\u00f3 respecte d&#8217;alguna o algunes cl\u00e0usules no perjudicar\u00e0 la validesa de les restants.<\/p>\n<p>&nbsp;<\/p>\n<p>La no exig\u00e8ncia per part de HOSTELEROS AGUADO SL del compliment estricte d&#8217;algun dels termes d&#8217;aquestes Condicions no constitueix ni podr\u00e0 interpretar-se en cap cas com una ren\u00fancia per part seva a exigir-ho en un futur.<\/p>\n<h3><\/h3>\n<h3>11.2. Idioma<\/h3>\n<p>L&#8217;idioma aplicable a aquestes condicions generals d&#8217;\u00fas \u00e9s l&#8217;espanyol. Si us oferim una versi\u00f3 en angl\u00e8s \u00e9s per mera cortesia, per a la comoditat de l&#8217;usuari. Per aix\u00f2 l&#8217;usuari accepta expressament que es regeixin per la seva versi\u00f3 en espanyol.<\/p>\n<p>&nbsp;<\/p>\n<p>Si exist\u00eds alguna contradicci\u00f3 entre el que indica la versi\u00f3 en espanyol d&#8217;aquestes Condicions i el que s&#8217;indica a la traducci\u00f3, en tot cas prevaldr\u00e0 la versi\u00f3 espanyola.<\/p>\n<p>&nbsp;<\/p>\n<h3>11.3. Legislaci\u00f3 i fur<\/h3>\n<p>Les relacions entre HOSTELEROS AGUADO SL i l&#8217;usuari es regiran per la legislaci\u00f3 espanyola i, en cas de conflicte en la interpretaci\u00f3 o compliment de les presents Condicions Generals d&#8217;\u00das se sotmetran, amb ren\u00fancia expressa a qualsevol altre fur que els pogu\u00e9s correspondre, llevat que per Llei es determini de forma imperativa un altre fur diferent, als jutjats i tribunals de Gandia.<\/p>\n<p>&nbsp;<\/p>\n<p>Informaci\u00f3 relacionada amb la resoluci\u00f3 de disputa en l\u00ednia de l&#8217;art. 14, par. 1 de l&#8217;ODR (Regulaci\u00f3 de resoluci\u00f3 de disputa en l\u00ednia):<\/p>\n<p>La Comissi\u00f3 Europea ofereix als consumidors l&#8217;oportunitat de resoldre disputes en l\u00ednia d&#8217;acord amb l&#8217;art. 14, par. 1 de l&#8217;ODR en una de les plataformes. La plataforma ( <a href=\"http:\/\/ec.europa.eu\/consumers\/odr\" target=\"_blank\" rel=\"noopener\">http:\/\/ec.europa.eu\/consumers\/odr<\/a> ) serveix com a web on els consumidors poden intentar arribar a acords sense anar a judici relacionats amb les disputes que sorgeixin en les compres i contractes de serveis en l\u00ednia.<\/p>\n","protected":false},"excerpt":{"rendered":"<p>AV\u00cdS LEGAL Av\u00eds legal: El lloc web d&#8217;Internet accessible a trav\u00e9s de la WWW.RESTAURANTEBALANDROS.COM(d&#8217;ara endavant, el Lloc Web) \u00e9s titularitat de HOSTELEROS AGUADO SL. (d&#8217;ara endavant, HOSTELEROS AGUADO SL), amb CIF B54864715 i domicili a Club Nautico, Carr. de D\u00e9nia A X\u00e0bia, Km 1, 03700 D\u00e9nia, Alacant. HOSTELEROS AGUADO SL es troba inscrita al Registre [&hellip;]<\/p>\n","protected":false},"author":1,"featured_media":0,"parent":0,"menu_order":0,"comment_status":"closed","ping_status":"closed","template":"elementor_header_footer","meta":{"footnotes":""},"class_list":["post-2281","page","type-page","status-publish","hentry"],"_links":{"self":[{"href":"https:\/\/www.restaurantebalandros.com\/ca\/wp-json\/wp\/v2\/pages\/2281","targetHints":{"allow":["GET"]}}],"collection":[{"href":"https:\/\/www.restaurantebalandros.com\/ca\/wp-json\/wp\/v2\/pages"}],"about":[{"href":"https:\/\/www.restaurantebalandros.com\/ca\/wp-json\/wp\/v2\/types\/page"}],"author":[{"embeddable":true,"href":"https:\/\/www.restaurantebalandros.com\/ca\/wp-json\/wp\/v2\/users\/1"}],"replies":[{"embeddable":true,"href":"https:\/\/www.restaurantebalandros.com\/ca\/wp-json\/wp\/v2\/comments?post=2281"}],"version-history":[{"count":1,"href":"https:\/\/www.restaurantebalandros.com\/ca\/wp-json\/wp\/v2\/pages\/2281\/revisions"}],"predecessor-version":[{"id":2282,"href":"https:\/\/www.restaurantebalandros.com\/ca\/wp-json\/wp\/v2\/pages\/2281\/revisions\/2282"}],"wp:attachment":[{"href":"https:\/\/www.restaurantebalandros.com\/ca\/wp-json\/wp\/v2\/media?parent=2281"}],"curies":[{"name":"wp","href":"https:\/\/api.w.org\/{rel}","templated":true}]}}